{"id":3,"date":"2024-01-29T12:30:36","date_gmt":"2024-01-29T12:30:36","guid":{"rendered":"https:\/\/pamijuconsulting.com\/?page_id=3"},"modified":"2024-02-05T12:36:50","modified_gmt":"2024-02-05T12:36:50","slug":"politica-privacidad","status":"publish","type":"page","link":"https:\/\/pamijuconsulting.com\/index.php\/politica-privacidad\/","title":{"rendered":"Pol\u00edtica de privacidad"},"content":{"rendered":"<p><strong>POL\u00cdTICA DE PRIVACIDAD<\/strong><\/p><p>PAMIJU CONSULTORES S.L., en adelante la EMPRESA est\u00e1 especialmente sensibilizada en la protecci\u00f3n de datos de car\u00e1cter personal de los Usuarios de los servicios del sitio Web. Mediante la presente Pol\u00edtica de Privacidad (o Pol\u00edtica de Protecci\u00f3n de Datos) la EMPRESA informa a los USUARIOS de los sitios web: https:\/\/www.pamijuconsulting.com, de los usos a los que se someten los datos de car\u00e1cter personal que se recaban en sitio Web, con el fin de que decidan, libre y voluntariamente, si desean facilitar la informaci\u00f3n solicitada.<\/p><p>LA EMPRESA, se reserva la facultad de modificar esta Pol\u00edtica con el objeto de adaptarla a novedades legislativas, criterios jurisprudenciales, pr\u00e1cticas del sector, o intereses de la entidad. Cualquier modificaci\u00f3n en la misma ser\u00e1 anunciada con la debida antelaci\u00f3n, a fin de que tengas perfecto conocimiento de su contenido.<\/p><ol class=\"wp-block-list\"><li><strong>\u00bfQui\u00e9n es el Responsable del tratamiento de sus datos personales?<\/strong><\/li><\/ol><p>LA EMPRESA. es quien es quien ostenta la condici\u00f3n de Responsable de Tratamiento, estando asesorado y supervisado para la adecuada protecci\u00f3n por nuestro Delegado de Delegado de Protecci\u00f3n de Datos.<\/p><ul class=\"wp-block-list\"><li><strong>\u00bfCon que finalidad recabamos sus datos personales?<\/strong><\/li><\/ul><p>La principal finalidad por la que recabamos sus datos personales es facilitar y mejorar el servicio que le ofrecemos a trav\u00e9s de la presente web.<\/p><p>Asimismo, recabamos sus datos con el fin de gestionar y atender las solicitudes de informaci\u00f3n, dudas, quejas, as\u00ed como conocer la opini\u00f3n de los usuarios, respecto a los productos ofertados por LA EMPRESA. Llevar a cabo la gesti\u00f3n de clientes a nivel administrativo, contable y fiscal, realizar estudios de mercado para medir la calidad de nuestros productos y servicios, as\u00ed como remitir informaci\u00f3n de inter\u00e9s sobre nuevas promociones, o productos.<\/p><p>LA EMPRESA, quiere cuidar al m\u00e1ximo a sus usuarios, por lo que, si se crea una cuenta, la entidad se podr\u00e1 poner en contacto con Usted para ayudarle en el proceso de compra, en caso de detectar alguna irregularidad (p.ej.: carrito abandonado). En este sentido, podr\u00e1 ofrecerle cualquier condici\u00f3n especial de compra.<\/p><p>Facilitar un servicio personalizado para el Usuario, adecuando dichos servicios a su perfil personal, geogr\u00e1fico, as\u00ed como a sus preferencias y gustos.<\/p><p>Definir tipolog\u00edas, segmentaciones y perfiles de usuarios, as\u00ed como prestar, gestionar, administrar, ampliar y mejorar los servicios y\/o productos, mediante el an\u00e1lisis de la utilizaci\u00f3n de los productos de inter\u00e9s por parte de los Usuarios.<\/p><p>Mostrar informaci\u00f3n editorial o comercial espec\u00edficamente dise\u00f1ada para el perfil inferido en funci\u00f3n del inter\u00e9s en los productos por parte del Usuario. Dicho perfil tambi\u00e9n podr\u00e1 ser inferido en funci\u00f3n de la localizaci\u00f3n geogr\u00e1fica del dispositivo o terminal desde el que visualiza los productos; no obstante, siempre se le solicitar\u00e1 una autorizaci\u00f3n previa y espec\u00edfica para poder tratar dicha informaci\u00f3n.<\/p><p>Dise\u00f1ar nuevos servicios que puedan resultar de su inter\u00e9s.<\/p><ul class=\"wp-block-list\"><li><strong>\u00bfCu\u00e1l es la base jur\u00eddica que legitima el tratamiento de sus datos personales? Es decir \u00bfqu\u00e9 condici\u00f3n fundamenta o habilita el que podamos tratar sus datos personales?<\/strong><\/li><\/ul><p>La base jur\u00eddica que nos legitima para el tratamiento de tus datos puede ser diversa: en unos casos puede ser el consentimiento de las personas interesadas, en otros el cumplimiento de una obligaci\u00f3n legal por nuestra parte, en otros el cumplimiento de un contrato y\/o relaci\u00f3n comercial, o por inter\u00e9s leg\u00edtimo del responsable del tratamiento.<\/p><p>Cuando el tratamiento se base en su consentimiento, el mismo se entender\u00e1 otorgado de forma inequ\u00edvoca, consider\u00e1ndose dicha aportaci\u00f3n un acto afirmativo claro por su parte, que manifiesta dicho consentimiento.<\/p><ul class=\"wp-block-list\"><li><strong>\u00bfPor cu\u00e1nto tiempo conservamos sus datos personales?<\/strong><\/li><\/ul><p>Los datos se conservar\u00e1n durante el tiempo necesario para cumplir con la finalidad para la que se recabaron, y seg\u00fan la base jur\u00eddica del tratamiento de los datos de conformidad con las obligaciones legales, as\u00ed como para determinar las posibles responsabilidades que se pudieran derivar de dicha finalidad y del tratamiento de los datos.<\/p><ul class=\"wp-block-list\"><li><strong>\u00bfQui\u00e9nes pueden ser cesionarios o destinatarios de tus datos personales?<\/strong><\/li><\/ul><p>En el caso de que nos haya manifestado su consentimiento, sus datos de car\u00e1cter personal podr\u00e1n ser cedidos a las empresas asociadas al proyecto que se recoge a trav\u00e9s de esta p\u00e1gina web. En otros casos, ser\u00e1 necesario comunicar sus datos personales a terceras partes para poder prestarle el servicio solicitado, como por ejemplo a empresas de transporte y entrega. Del mismo modo, los datos podr\u00e1n ser cedidos o comunicados, en su caso, a entidades bancarias para la realizaci\u00f3n de cobros o pagos, as\u00ed como a requerimiento de Administraciones P\u00fablicas, Juzgados o Tribunales. Los datos podr\u00e1n ser cedidos a las dem\u00e1s mercantiles del Grupo cuyas actividades se relacionen con el producto adquirido.<\/p><ul class=\"wp-block-list\"><li><strong>Transferencias internacionales<\/strong><\/li><\/ul><p>Los datos de car\u00e1cter personal que recabamos residen en Espa\u00f1a, y en todo caso, dentro del Espacio Econ\u00f3mico Europeo, ya que LA EMPRESA y otras empresas incluidas en el proyecto tienen presencia en otros pa\u00edses europeos.<\/p><p>En algunas ocasiones, contratamos servicios Cloud Computing en Estados Unidos, realiz\u00e1ndose transferencias internacionales de datos. En estos casos, se adoptan las garant\u00edas adecuadas para proteger su informaci\u00f3n respecto de las que puede obtener informaci\u00f3n adicional dirigi\u00e9ndose por escrito a&nbsp;LA EMPRESA.<\/p><ul class=\"wp-block-list\"><li><strong>\u00bfCu\u00e1les son sus derechos en protecci\u00f3n de datos y c\u00f3mo puede ejercerlos?<\/strong><\/li><\/ul><p>Para ejercitar los derechos de Acceso, Rectificaci\u00f3n, Supresi\u00f3n, Limitaci\u00f3n o, en su caso, Oposici\u00f3n, podr\u00e1 formular una solicitud presentando un escrito en: Plaza de Compostela 24, Vigo o, en su caso, enviando su solicitud a nuestro Delegado de Protecci\u00f3n de Datos&nbsp;por escrito.<\/p><p>En el escrito deber\u00e1 especificar cu\u00e1l de estos derechos solicita sea satisfecho y, a su vez, deber\u00e1 mostrar o, en caso de env\u00edo postal, acompa\u00f1ar la fotocopia del NIF o documento identificativo equivalente. En caso de que actuara mediante representante, legal o voluntario, deber\u00e1 aportar tambi\u00e9n documento que acredite la representaci\u00f3n y documento identificativo del mismo.&nbsp;<\/p><p>Asimismo, si no desea seguir recibiendo e-mails de LA EMPRESA solo tiene que enviar un mensaje, indicando su direcci\u00f3n de e-mail y que desea darse de baja de la NewsLetter.<\/p><p>En todo caso, podr\u00e1, igualmente, formular reclamaciones ante la Agencia Espa\u00f1ola de Protecci\u00f3n de datos (https:\/\/www.aepd.es\/).<\/p><ul class=\"wp-block-list\"><li><strong>Medidas de Seguridad en el tratamiento de sus datos<\/strong><\/li><\/ul><p>Finalmente se informa que LA EMPRESA, adoptar\u00e1 en su sistema de informaci\u00f3n las medidas t\u00e9cnicas y organizativas legalmente requeridas, a fin de garantizar la seguridad y confidencialidad de los datos almacenados, evitando as\u00ed, su alteraci\u00f3n, p\u00e9rdida, tratamiento o acceso no autorizado; teniendo en cuenta el estado de la t\u00e9cnica, los costes de aplicaci\u00f3n, y la naturaleza, el alcance, el contexto y los fines del tratamiento, as\u00ed como riesgos de probabilidad y gravedad variables asociadas a cada uno de los tratamientos.<\/p><p>Si tiene alguna pregunta sobre esta Pol\u00edtica de Privacidad, rogamos que se ponga en contacto con nosotros enviando un email en las direcciones establecidas en la web.<\/p><p><\/p><p><strong>POL\u00cdTICA DE COOKIES<\/strong><\/p><p>Pamiju consultores SL, en adelante La empresa, informa acerca del uso de las cookies en su p\u00e1gina web: www.pamijuconsulting.com<\/p><p>\u00bfQu\u00e9 son las cookies?<\/p><p>Las cookies son archivos que se pueden descargar en su equipo a trav\u00e9s de las p\u00e1ginas web. Son herramientas que tienen un papel esencial para la prestaci\u00f3n de numerosos servicios de la sociedad de la informaci\u00f3n. Entre otros, permiten a una p\u00e1gina web almacenar y recuperar informaci\u00f3n sobre los h\u00e1bitos de navegaci\u00f3n de un usuario o de su equipo y, dependiendo de la informaci\u00f3n obtenida, se pueden utilizar para reconocer al usuario y mejorar el servicio ofrecido.<\/p><p>Tipos de cookies<\/p><p>Seg\u00fan quien sea la entidad que gestione el dominio desde donde se env\u00edan las cookies y trate los datos que se obtengan se pueden distinguir dos tipos:<\/p><ul class=\"wp-block-list\"><li>\u00b7 &nbsp;Cookies propias: aquellas que se env\u00edan al equipo terminal del usuario desde un equipo o dominio gestionado por el propio editor y desde el que se presta el servicio solicitado por el usuario.<\/li>\n\n<li>\u00b7 &nbsp;Cookies de terceros: aquellas que se env\u00edan al equipo terminal del usuario desde un equipo o dominio que no es gestionado por el editor, sino por otra entidad que trata los datos obtenidos trav\u00e9s de las cookies.<\/li><\/ul><p>En el caso de que las cookies sean instaladas desde un equipo o dominio gestionado por el propio editor pero la informaci\u00f3n que se recoja mediante \u00e9stas sea gestionada por un tercero, no pueden ser consideradas como cookies propias.<\/p><p>Existe tambi\u00e9n una segunda clasificaci\u00f3n seg\u00fan el plazo de tiempo que permanecen almacenadas en el navegador del cliente, pudiendo tratarse de:<\/p><ul class=\"wp-block-list\"><li>\u00b7 &nbsp;Cookies de sesi\u00f3n: dise\u00f1adas para recabar y almacenar datos mientras el usuario accede a una p\u00e1gina web. Se suelen emplear para almacenar informaci\u00f3n que solo interesa conservar para la prestaci\u00f3n del servicio solicitado por el usuario en una sola ocasi\u00f3n (p.e. una lista de productos adquiridos)<\/li>\n\n<li>\u00b7 &nbsp;Cookies persistentes: los datos siguen almacenados en el terminal y pueden ser accedidos y tratados durante un periodo definido por el responsable de la cookie, y que puede ir de unos minutos a varios a\u00f1os.<\/li><\/ul><p>Por \u00faltimo, existe otra clasificaci\u00f3n seg\u00fan la finalidad para la que se traten los datos obtenidos:<\/p><ul class=\"wp-block-list\"><li>\u00b7 &nbsp;Cookies t\u00e9cnicas: aquellas que permiten al usuario la navegaci\u00f3n a trav\u00e9s de una p\u00e1gina web, plataforma o aplicaci\u00f3n y la utilizaci\u00f3n de las diferentes opciones o servicios que en ella existan como, por ejemplo, controlar el tr\u00e1fico y la comunicaci\u00f3n de datos, identificar la sesi\u00f3n, acceder a partes de acceso restringido, recordar los elementos que integran un pedido, realizar el proceso de compra de un pedido, realizar la solicitud de inscripci\u00f3n o participaci\u00f3n en un evento, utilizar elementos de seguridad durante la navegaci\u00f3n, almacenar contenidos para la difusi\u00f3n de v\u00eddeos o sonido o compartir contenidos a trav\u00e9s de redes sociales.<\/li>\n\n<li>\u00b7 &nbsp;Cookies de personalizaci\u00f3n: permiten al usuario acceder al servicio con algunas caracter\u00edsticas de car\u00e1cter general predefinidas en funci\u00f3n de una serie de criterios en el terminal del usuario como por ejemplo serian el idioma, el tipo de navegador a trav\u00e9s del cual accede al servicio, la configuraci\u00f3n regional desde donde accede al servicio, etc.<\/li>\n\n<li>\u00b7 &nbsp;Cookies de an\u00e1lisis: permiten al responsable de las mismas, el seguimiento y an\u00e1lisis del comportamiento de los usuarios de los sitios web a los que est\u00e1n vinculadas. La informaci\u00f3n recogida mediante este tipo de cookies se utiliza en la medici\u00f3n de la actividad de los sitios web, aplicaci\u00f3n o plataforma y para la elaboraci\u00f3n de perfiles de navegaci\u00f3n de los usuarios de dichos sitios, aplicaciones y plataformas, con el fin de introducir mejoras en funci\u00f3n del an\u00e1lisis de los datos de uso que hacen los usuarios del servicio.<\/li>\n\n<li>\u00b7 &nbsp;Cookies publicitarias: permiten la gesti\u00f3n, de la forma m\u00e1s eficaz posible, de los espacios publicitarios.<\/li>\n\n<li>\u00b7 &nbsp;Cookies de publicidad comportamental: almacenan informaci\u00f3n del comportamiento de los usuarios obtenida a trav\u00e9s de la observaci\u00f3n continuada de sus h\u00e1bitos de navegaci\u00f3n, lo que permite desarrollar un perfil espec\u00edfico para mostrar publicidad en funci\u00f3n del mismo.<\/li>\n\n<li>\u00b7 &nbsp;Cookies de redes sociales externas: se utilizan para que los visitantes puedan interactuar con el contenido de diferentes plataformas sociales (facebook, youtube, twitter, linkedIn, etc.) y que se generen \u00fanicamente para los usuarios de dichas redes sociales. Las condiciones de utilizaci\u00f3n de estas cookies y la informaci\u00f3n recopilada se regula por la pol\u00edtica de privacidad de la plataforma social correspondiente.<\/li><\/ul><p>Desactivaci\u00f3n y eliminaci\u00f3n de cookies<\/p><p>Tienes la opci\u00f3n de permitir, bloquear o eliminar las cookies instaladas en tu equipo mediante la configuraci\u00f3n de las opciones del navegador instalado en su equipo. Al desactivar cookies, algunos de los servicios disponibles podr\u00edan dejar de estar operativos. La forma de deshabilitar las cookies es diferente para cada navegador, pero normalmente puede hacerse desde el men\u00fa Herramientas u Opciones. Tambi\u00e9n puede consultarse el men\u00fa de Ayuda del navegador d\u00f3nde puedes encontrar instrucciones. El usuario podr\u00e1 en cualquier momento elegir qu\u00e9 cookies quiere que funcionen en este sitio web.<\/p><p>Puede usted permitir, bloquear o eliminar las cookies instaladas en su equipo mediante la configuraci\u00f3n de las opciones del navegador instalado en su ordenador:<\/p><ul class=\"wp-block-list\"><li>\u00b7 &nbsp;Microsoft Internet Explorer o Microsoft Edge: http:\/\/windows.microsoft.com\/es- es\/windows-vista\/Block-or-allow-cookies<\/li>\n\n<li>\u00b7 &nbsp;Mozilla Firefox: http:\/\/support.mozilla.org\/es\/kb\/impedir-que-los-sitios-web- guarden-sus-preferencia<\/li>\n\n<li>\u00b7 &nbsp;Chrome: https:\/\/support.google.com\/accounts\/answer\/61416?hl=es<\/li>\n\n<li>\u00b7 &nbsp;Safari: http:\/\/safari.helpmax.net\/es\/privacidad-y-seguridad\/como-gestionar-las-<\/li><\/ul><p>cookies\/<\/p><ul class=\"wp-block-list\"><li>\u00b7 &nbsp;Opera: http:\/\/help.opera.com\/Linux\/10.60\/es-ES\/cookies.html<\/li><\/ul><p>Adem\u00e1s, tambi\u00e9n puede gestionar el almac\u00e9n de cookies en su navegador a trav\u00e9s de herramientas como las siguientes:<\/p><p>Declaraci\u00f3n de cookies utilizadas en www.pamijuconsulting.com<\/p><p>Aceptaci\u00f3n de la Pol\u00edtica de cookies<\/p><p>www.pamijuconsulting.com asume que usted acepta el uso de cookies. No obstante, muestra informaci\u00f3n sobre su Pol\u00edtica de cookies en la parte inferior o superior de cualquier pagina del portal con cada inicio de sesi\u00f3n con el objeto de que usted sea consciente<\/p><p>Ante esta informaci\u00f3n es posible llevar a cabo las siguientes acciones:<\/p><ul class=\"wp-block-list\"><li>\u00b7 &nbsp;Aceptar cookies. No se volver\u00e1\u0301 a visualizar este aviso al acceder a cualquier pagina del portal durante la presente sesi\u00f3n.<\/li>\n\n<li>\u00b7 &nbsp;Cerrar. Se oculta el aviso en la presente p\u00e1gina.<\/li>\n\n<li>\u00b7 &nbsp;Modificar su configuraci\u00f3n. Podr\u00e1\u0301 obtener m\u00e1s informaci\u00f3n sobre qu\u00e9 son las cookies, conocer la Pol\u00edtica de cookies de www.pamijuconsulting.com y modificar la configuraci\u00f3n de su navegador.<\/li><\/ul>","protected":false},"excerpt":{"rendered":"<p>POL\u00cdTICA DE PRIVACIDAD PAMIJU CONSULTORES S.L., en adelante la EMPRESA est\u00e1 especialmente sensibilizada en la protecci\u00f3n de datos de car\u00e1cter personal de los Usuarios de los servicios del sitio Web. Mediante la presente Pol\u00edtica de Privacidad (o Pol\u00edtica de Protecci\u00f3n de Datos) la EMPRESA informa a los USUARIOS de los sitios web: https:\/\/www.pamijuconsulting.com, de los [&hellip;]<\/p>\n","protected":false},"author":1,"featured_media":0,"parent":0,"menu_order":0,"comment_status":"closed","ping_status":"open","template":"","meta":{"footnotes":""},"class_list":["post-3","page","type-page","status-publish","hentry"],"_links":{"self":[{"href":"https:\/\/pamijuconsulting.com\/index.php\/wp-json\/wp\/v2\/pages\/3","targetHints":{"allow":["GET"]}}],"collection":[{"href":"https:\/\/pamijuconsulting.com\/index.php\/wp-json\/wp\/v2\/pages"}],"about":[{"href":"https:\/\/pamijuconsulting.com\/index.php\/wp-json\/wp\/v2\/types\/page"}],"author":[{"embeddable":true,"href":"https:\/\/pamijuconsulting.com\/index.php\/wp-json\/wp\/v2\/users\/1"}],"replies":[{"embeddable":true,"href":"https:\/\/pamijuconsulting.com\/index.php\/wp-json\/wp\/v2\/comments?post=3"}],"version-history":[{"count":3,"href":"https:\/\/pamijuconsulting.com\/index.php\/wp-json\/wp\/v2\/pages\/3\/revisions"}],"predecessor-version":[{"id":369,"href":"https:\/\/pamijuconsulting.com\/index.php\/wp-json\/wp\/v2\/pages\/3\/revisions\/369"}],"wp:attachment":[{"href":"https:\/\/pamijuconsulting.com\/index.php\/wp-json\/wp\/v2\/media?parent=3"}],"curies":[{"name":"wp","href":"https:\/\/api.w.org\/{rel}","templated":true}]}}