{"id":126,"date":"2024-01-30T16:32:59","date_gmt":"2024-01-30T16:32:59","guid":{"rendered":"https:\/\/pamijuconsulting.com\/?post_type=product&#038;p=126"},"modified":"2024-08-23T18:33:18","modified_gmt":"2024-08-23T17:33:18","slug":"obtencion-de-la-golden-visa","status":"publish","type":"product","link":"https:\/\/pamijuconsulting.com\/index.php\/producto\/obtencion-de-la-golden-visa\/","title":{"rendered":"Obtenci\u00f3n de la Golden Visa"},"content":{"rendered":"<p>Facilitamos el proceso de obtener la Golden Visa para aquellos extranjeros no residentes en la UE que buscan realizar inversiones significativas en Espa\u00f1a.<\/p>\n<p>Ofrecemos asesoramiento para la adquisici\u00f3n de activos financieros, inmuebles o participaci\u00f3n en proyectos empresariales que cumplan con los requisitos establecidos, incluyendo inversiones en t\u00edtulos de deuda p\u00fablica, acciones de empresas espa\u00f1olas, fondos de inversi\u00f3n, dep\u00f3sitos bancarios y proyectos empresariales.<\/p>\n<p>Gestionamos la obtenci\u00f3n de visados y tarjetas de residencia, representando y asistiendo a nuestros clientes en todo el proceso, desde la solicitud hasta la adquisici\u00f3n de la documentaci\u00f3n necesaria.<\/p>\n","protected":false},"excerpt":{"rendered":"<p>Facilitamos la obtenci\u00f3n de la Golden Visa, ofreciendo asesoramiento especializado y acompa\u00f1ando a nuestros clientes a lo largo de todo el proceso.\u200b<\/p>\n","protected":false},"featured_media":132,"comment_status":"open","ping_status":"closed","template":"","meta":[],"product_cat":[21],"product_tag":[],"class_list":{"0":"post-126","1":"product","2":"type-product","3":"status-publish","4":"has-post-thumbnail","6":"product_cat-productos","8":"first","9":"instock","10":"shipping-taxable","11":"purchasable","12":"product-type-simple"},"_links":{"self":[{"href":"https:\/\/pamijuconsulting.com\/index.php\/wp-json\/wp\/v2\/product\/126","targetHints":{"allow":["GET"]}}],"collection":[{"href":"https:\/\/pamijuconsulting.com\/index.php\/wp-json\/wp\/v2\/product"}],"about":[{"href":"https:\/\/pamijuconsulting.com\/index.php\/wp-json\/wp\/v2\/types\/product"}],"replies":[{"embeddable":true,"href":"https:\/\/pamijuconsulting.com\/index.php\/wp-json\/wp\/v2\/comments?post=126"}],"wp:featuredmedia":[{"embeddable":true,"href":"https:\/\/pamijuconsulting.com\/index.php\/wp-json\/wp\/v2\/media\/132"}],"wp:attachment":[{"href":"https:\/\/pamijuconsulting.com\/index.php\/wp-json\/wp\/v2\/media?parent=126"}],"wp:term":[{"taxonomy":"product_cat","embeddable":true,"href":"https:\/\/pamijuconsulting.com\/index.php\/wp-json\/wp\/v2\/product_cat?post=126"},{"taxonomy":"product_tag","embeddable":true,"href":"https:\/\/pamijuconsulting.com\/index.php\/wp-json\/wp\/v2\/product_tag?post=126"}],"curies":[{"name":"wp","href":"https:\/\/api.w.org\/{rel}","templated":true}]}}